{"id":1788,"date":"2022-06-08T14:21:12","date_gmt":"2022-06-08T14:21:12","guid":{"rendered":"https:\/\/lavina.rs\/about-us\/"},"modified":"2022-11-16T19:32:13","modified_gmt":"2022-11-16T19:32:13","slug":"about-us","status":"publish","type":"page","link":"https:\/\/lavina.rs\/en\/about-us\/","title":{"rendered":"About us"},"content":{"rendered":"\t\t<div data-elementor-type=\"wp-page\" data-elementor-id=\"1788\" class=\"elementor elementor-1788 elementor-487\">\n\t\t\t\t\t\t\t\t\t<section class=\"elementor-section elementor-top-section elementor-element elementor-element-2cf856d elementor-section-full_width elementor-section-height-default elementor-section-height-default\" data-id=\"2cf856d\" data-element_type=\"section\">\n\t\t\t\t\t\t<div class=\"elementor-container elementor-column-gap-default\">\n\t\t\t\t\t<div class=\"elementor-column elementor-col-100 elementor-top-column elementor-element elementor-element-7130400\" data-id=\"7130400\" data-element_type=\"column\">\n\t\t\t<div class=\"elementor-widget-wrap elementor-element-populated\">\n\t\t\t\t\t\t\t\t<section class=\"elementor-section elementor-inner-section elementor-element elementor-element-159af69 elementor-section-boxed elementor-section-height-default elementor-section-height-default\" data-id=\"159af69\" data-element_type=\"section\">\n\t\t\t\t\t\t<div class=\"elementor-container elementor-column-gap-default\">\n\t\t\t\t\t<div class=\"elementor-column elementor-col-50 elementor-inner-column elementor-element elementor-element-207d8e8\" data-id=\"207d8e8\" data-element_type=\"column\">\n\t\t\t<div class=\"elementor-widget-wrap elementor-element-populated\">\n\t\t\t\t\t\t\t\t<div class=\"elementor-element elementor-element-84b1ef6 elementor-widget elementor-widget-image\" data-id=\"84b1ef6\" data-element_type=\"widget\" data-widget_type=\"image.default\">\n\t\t\t\t<div class=\"elementor-widget-container\">\n\t\t\t<style>\/*! elementor - v3.12.2 - 23-04-2023 *\/\n.elementor-widget-image{text-align:center}.elementor-widget-image a{display:inline-block}.elementor-widget-image a img[src$=\".svg\"]{width:48px}.elementor-widget-image img{vertical-align:middle;display:inline-block}<\/style>\t\t\t\t\t\t\t\t\t\t\t\t<img decoding=\"async\" width=\"683\" height=\"1024\" src=\"https:\/\/lavina.rs\/wp-content\/uploads\/2022\/07\/DSC-0243-1-683x1024.jpg\" class=\"attachment-large size-large wp-image-1772\" alt=\"\" loading=\"lazy\" srcset=\"https:\/\/lavina.rs\/wp-content\/uploads\/2022\/07\/DSC-0243-1-683x1024.jpg 683w, https:\/\/lavina.rs\/wp-content\/uploads\/2022\/07\/DSC-0243-1-200x300.jpg 200w, https:\/\/lavina.rs\/wp-content\/uploads\/2022\/07\/DSC-0243-1-768x1152.jpg 768w, https:\/\/lavina.rs\/wp-content\/uploads\/2022\/07\/DSC-0243-1-1024x1536.jpg 1024w, https:\/\/lavina.rs\/wp-content\/uploads\/2022\/07\/DSC-0243-1-1365x2048.jpg 1365w, https:\/\/lavina.rs\/wp-content\/uploads\/2022\/07\/DSC-0243-1-600x900.jpg 600w, https:\/\/lavina.rs\/wp-content\/uploads\/2022\/07\/DSC-0243-1-scaled.jpg 1707w\" sizes=\"(max-width: 683px) 100vw, 683px\" \/>\t\t\t\t\t\t\t\t\t\t\t\t\t\t\t<\/div>\n\t\t\t\t<\/div>\n\t\t\t\t<div class=\"elementor-element elementor-element-e3b4a28 elementor-widget elementor-widget-text-editor\" data-id=\"e3b4a28\" data-element_type=\"widget\" data-widget_type=\"text-editor.default\">\n\t\t\t\t<div class=\"elementor-widget-container\">\n\t\t\t<style>\/*! elementor - v3.12.2 - 23-04-2023 *\/\n.elementor-widget-text-editor.elementor-drop-cap-view-stacked .elementor-drop-cap{background-color:#69727d;color:#fff}.elementor-widget-text-editor.elementor-drop-cap-view-framed .elementor-drop-cap{color:#69727d;border:3px solid;background-color:transparent}.elementor-widget-text-editor:not(.elementor-drop-cap-view-default) .elementor-drop-cap{margin-top:8px}.elementor-widget-text-editor:not(.elementor-drop-cap-view-default) .elementor-drop-cap-letter{width:1em;height:1em}.elementor-widget-text-editor .elementor-drop-cap{float:left;text-align:center;line-height:1;font-size:50px}.elementor-widget-text-editor .elementor-drop-cap-letter{display:inline-block}<\/style>\t\t\t\t<p>Ne \u017euri kroz \u017eivot tako<br \/>Samo se pra\u0161ina di\u017ee<br \/>\u017divot se \u017eivi lagano<br \/>A svako na cilj sti\u017ee.<\/p>\n<p>Mene su u\u010dili stvari<br \/>Malene ali bitne<br \/>Sre\u0107an je samo onaj<br \/>Ko \u017eeli stvari sitne.<\/p>\n<p>Ruke su tu da grle<br \/>A ne da se nose stvari<br \/>Du\u0161a je uvek mlada<br \/>Jer samo telo stari.<\/p>\n<p>Ne grabi nego sti\u010di<br \/>U sebi sre\u0107u gradi<br \/>Vrednost se \u010duva unutra<br \/>A ne na fasadi.<\/p>\n<p>Zastani tek da shvati\u0161<br \/>\u0160ta u \u017eivotu vredi<br \/>Da ima\u0161 kome da se vrati\u0161<br \/>Da ima ko da te sledi.<\/p>\n<p>Samo te jedno molim<br \/>Re\u010di se ovih seti<br \/>Na cilj \u0107e\u0161 sti\u0107i svako<br \/>Bilo da gmi\u017ee ili leti.<\/p>\n<p>Uvek se s du\u0161om igra<br \/>An\u0111eo ili vrag<br \/>\u010covek se pamti po onom<br \/>Kakav ostavi trag.<\/p>\n<p>B.T.<\/p>\n\t\t\t\t\t\t<\/div>\n\t\t\t\t<\/div>\n\t\t\t\t<div class=\"elementor-element elementor-element-f44da32 elementor-widget elementor-widget-image\" data-id=\"f44da32\" data-element_type=\"widget\" data-widget_type=\"image.default\">\n\t\t\t\t<div class=\"elementor-widget-container\">\n\t\t\t\t\t\t\t\t\t\t\t\t\t\t\t<img decoding=\"async\" width=\"768\" height=\"1024\" src=\"https:\/\/lavina.rs\/wp-content\/uploads\/2022\/07\/20220606-172249-768x1024.jpg\" class=\"attachment-large size-large wp-image-1771\" alt=\"\" loading=\"lazy\" srcset=\"https:\/\/lavina.rs\/wp-content\/uploads\/2022\/07\/20220606-172249-768x1024.jpg 768w, https:\/\/lavina.rs\/wp-content\/uploads\/2022\/07\/20220606-172249-225x300.jpg 225w, https:\/\/lavina.rs\/wp-content\/uploads\/2022\/07\/20220606-172249-1152x1536.jpg 1152w, https:\/\/lavina.rs\/wp-content\/uploads\/2022\/07\/20220606-172249-1536x2048.jpg 1536w, https:\/\/lavina.rs\/wp-content\/uploads\/2022\/07\/20220606-172249-600x800.jpg 600w, https:\/\/lavina.rs\/wp-content\/uploads\/2022\/07\/20220606-172249-scaled.jpg 1920w\" sizes=\"(max-width: 768px) 100vw, 768px\" \/>\t\t\t\t\t\t\t\t\t\t\t\t\t\t\t<\/div>\n\t\t\t\t<\/div>\n\t\t\t\t\t<\/div>\n\t\t<\/div>\n\t\t\t\t<div class=\"elementor-column elementor-col-50 elementor-inner-column elementor-element elementor-element-069fe82\" data-id=\"069fe82\" data-element_type=\"column\">\n\t\t\t<div class=\"elementor-widget-wrap elementor-element-populated\">\n\t\t\t\t\t\t\t\t<div class=\"elementor-element elementor-element-470bab6 elementor-widget elementor-widget-text-editor\" data-id=\"470bab6\" data-element_type=\"widget\" data-widget_type=\"text-editor.default\">\n\t\t\t\t<div class=\"elementor-widget-container\">\n\t\t\t\t\t\t\t<p><span>ABOUT US<\/span><\/p>\n\t\t\t\t\t\t<\/div>\n\t\t\t\t<\/div>\n\t\t\t\t<div class=\"elementor-element elementor-element-c9e6491 elementor-widget elementor-widget-text-editor\" data-id=\"c9e6491\" data-element_type=\"widget\" data-widget_type=\"text-editor.default\">\n\t\t\t\t<div class=\"elementor-widget-container\">\n\t\t\t\t\t\t\t<p>The author and creator of Lavina Natural Cosmetics is I &#8211; Radmila Devi\u0107. In order to bring you closer to everything that is hidden behind Lavina cosmetics in the best way possible, I wanted you to get to know me first. I wanted to tell you my story about my love for nature and to bring my idea and vision closer to you. That&#8217;s why it&#8217;s best to start from the very beginning.<\/p><p class=\"p1\">Creating natural cosmetics and developing this business was never in my plans. The idea arose spontaneously in the summer of 2019, on a beautiful mountain called Tara. Nature is no stranger to me &#8211; on the contrary. From an early age, I&#8217;ve loved roaming forests, exploring and learning about the gifts of nature. I\u2019ve loved long walks in solitude or simply sitting on a tree trunk and listening to the silence. Nature has always served me as a source of inexhaustible inspiration throughout the further chapters of my life.<\/p><p class=\"p1\">I could say that I discovered my love for nature in my childhood when I stayed with my relatives on Fru\u0161ka gora during the summer holidays. My hometown, Kula, is located in the plains, and apart from modest picnic spots and a rich tree line by the Great Ba\u010dka Canal, it didn&#8217;t have any places where you can get lost in nature&#8217;s beauties. And so at the time I didn&#8217;t even have a chance to explore that part of myself.<\/p><p class=\"p1\">Many years later, in the summer of 2019, I had a short stay on Mount Tara. All it took was a single moment to bring back all the memories from my early youth, the short moments of being on the mountain, in the forest, in nature. It was as if the hand of God brought me there, on Tara, to fascinate me with its luxurious nature, peace and medicinal herbs. There, on mount Tara, was my beginning, the beginning of Lavina natural cosmetics.<\/p><p class=\"p1\">For some time, I have been aware that my youngest child going away for studies has created excess time for myself. That void had to be filled with something beautiful, something that would fill and ennoble me. To replace the beautiful with beauty. That&#8217;s how the forests and meadows of Tara inspired me to return to the passion of my youth, the love for nature. I accepted that life challenge, not knowing where it would take me.<\/p><p class=\"p1\">In the beginning, it was necessary to define what I actually wanted to do with nature. As much as I enjoyed just sitting in the woods and breathing in the clean air, listening to the birds and the silence, that was not an option. I wanted more. I&#8217;ve always been interested in mushrooms and collecting herbs, but everyone has to start somewhere. The first step was somehow logical, and it was learning about plants.<\/p><p class=\"p1\">My older daughter gave me my first book on medicinal herbs, by Richard Wilford. I bought the sequels myself, one after the other, and that&#8217;s how my love for the healing properties of plants grew every day. I picked out three of our herbalists and began collecting all the material available from them. Throughout autumn, winter and spring, my companions were books, notes, and the computer, day and night.<\/p><p class=\"p1\">I spent the summer of 2020 on Tara, researching and collecting medicinal herbs. It was my first ever test of acquired knowledge, but also of listening to myself. I was interested to see if that spark of inspiration would rekindle when I found myself again in the same meadow that had previously given me the idea. That spark, that inner feeling, superficially speaking, is irrelevant. However, it was decisive for me.<\/p><p class=\"p1\">The year had been rewarding for the meadows. I kissed every picked flower. I was happy, elated. I didn&#8217;t mind the scorching sun, the unbearable heat, or the rubber boots, as a preventive measure against possible snake attacks. I spent my days on the meadow and in the forest, while in the evenings I would sort and dry herbs, and the next day I would go on new searches.<\/p><p class=\"p1\">One evening, looking at all the gathered medicinal herbs, I thought: &#8220;What should I do with so many plants?&#8221; I still feel the call of the meadow and nature, tempting me to take everything she has prepared for me, but I have already collected too many plants for family and friends. The next day, my mind was occupied with new ideas. Besides tea, how can you use medicinal plants? I decided to make tinctures &#8211; oils from medicinal herbs. I soon found everything I needed right there on Tara, and that&#8217;s how I made my first macerates.<\/p><p class=\"p1\">I returned home before autumn, with a rich load of experience. The St. John&#8217;s wort oil turned red like wine, the comfrey tincture immediately found its purpose and the sorghum tincture was left for unpleasant headaches.<\/p><p class=\"p1\">The following period was very interesting and special for me, I spent autumn, winter and spring experimenting, using the prepared macerates and tinctures for various purposes, evaluating the effectiveness of medicinal herbs in various forms. As time went on, I became more and more obsessed with the idea of using medicinal herbs in cosmetics.<\/p><p class=\"p1\">Using books on medicinal herbs, I noticed the importance of essential oils in cosmetics and the treatment of various health problems. I knew that I wanted to devote myself to learning about them and to find out as much as possible in order to put that knowledge into practice. I found myself at many educational lectures by aromatherapist Jasmina Milovanovi\u0107, and that very winter I made my first soaps for different purposes.<\/p><p class=\"p1\">The ideas just kept coming. Somewhere, just before spring, I decided to make my first cream. I thought about it for days, weeks. The pieces were slowly coming together. I got the recipe at one of the educational lectures. They say it&#8217;s the recipe for the so-called Cleopatra&#8217;s Cream. Finally, I ventured to make a face cream myself and I succeeded.<\/p><p class=\"p1\">Unsure of myself, I gave the cream to my older daughter, the biggest critic I have in my enviroment. She misses nothing &#8211; notices everything and it is impossible to convince her of anything, until she is convinced of it herself. I knew that if the cream was good, she would tell me, and if she was not satisfied, I also knew that I would get her honest opinion.<\/p><p class=\"p1\">After a few days of silence on the subject of my cream, my daughter appeared, all radiant and happy. She enthusiastically approached me and said, &#8220;Touch my face to see how soft it is!&#8221;, all the while pinching her face and telling me, &#8220;I don&#8217;t know what you put in that cream, but my face has never been like this. Soft and beautiful, the feeling under your fingers is wonderful. Well done mom.&#8221;<\/p><p class=\"p1\">That was it! That was the wind at my back, and the comment I was waiting for in order to decide whether to dedicate myself for making natural, handmade cosmetics. The situations that then came by themselves only convinced me that I was on the right path.<\/p><p class=\"p1\">Not long after my daughter, Sanja, tried the cream, an acquaintance of hers complained that she had a problem with rosacea. Sanja didn&#8217;t know if the cream would be able to help her, but she was sure the cream would make her face feel better. The acquaintance contacted my daughter the very next day and said that after a single use of the cream, her rosacea started withdrawing. In the following period, with the regular use of the cream, she kept the rosacea completely under control. Not much time passed before I got another positive review of the cream again. The cream helped a girl who had severe inflammatory processes on her face for years. The cream helped the inflammatory processes go away completely. After these reviews of my first cream, I decided to continue learning about medicinal herbs and to expand and complete my knowledge of natural cosmetics. The goal has already become clear &#8211; to create my own recipes for cosmetic products. So in the following period, I devoted myself to learning and researching natural cosmetics, courses and workshops.<\/p><p class=\"p1\">The year 2021 was filled with preparations of recipes for cosmetics. Officially, Lavina cosmetics appeared publicly on the 15th of February, 2022, in all its glory, first on social networks, and now as a website and online shop. The name of Lavina cosmetics symbolizes strength, just like a snow avalanche that has the strength and power of nature.<\/p><p class=\"p1\">Natural cosmetics have become an integral part of my life. They came to light as my need to express personal creativity, as a need to new research and above all as a need to return to nature, and soon it became my passion and created an even greater love for nature. She, the nature, taught me and the people close to me how important her role is in our lives, and my wish is to convey to you the power and role of nature in everyday life through the use of Lavina Natural Cosmetics.<\/p>\t\t\t\t\t\t<\/div>\n\t\t\t\t<\/div>\n\t\t\t\t\t<\/div>\n\t\t<\/div>\n\t\t\t\t\t\t\t<\/div>\n\t\t<\/section>\n\t\t\t\t\t<\/div>\n\t\t<\/div>\n\t\t\t\t\t\t\t<\/div>\n\t\t<\/section>\n\t\t\t\t\t\t\t<\/div>\n\t\t","protected":false},"excerpt":{"rendered":"<p>Ne \u017euri kroz \u017eivot takoSamo se pra\u0161ina di\u017ee\u017divot se \u017eivi laganoA svako na cilj sti\u017ee. Mene su u\u010dili stvariMalene ali bitneSre\u0107an je samo onajKo \u017eeli stvari sitne. Ruke su tu da grleA ne da se nose stvariDu\u0161a je uvek mladaJer samo telo stari. Ne grabi nego sti\u010diU sebi sre\u0107u gradiVrednost se \u010duva unutraA ne na [&hellip;]<\/p>\n","protected":false},"author":2,"featured_media":4727,"parent":0,"menu_order":0,"comment_status":"closed","ping_status":"closed","template":"","meta":[],"_links":{"self":[{"href":"https:\/\/lavina.rs\/en\/wp-json\/wp\/v2\/pages\/1788"}],"collection":[{"href":"https:\/\/lavina.rs\/en\/wp-json\/wp\/v2\/pages"}],"about":[{"href":"https:\/\/lavina.rs\/en\/wp-json\/wp\/v2\/types\/page"}],"author":[{"embeddable":true,"href":"https:\/\/lavina.rs\/en\/wp-json\/wp\/v2\/users\/2"}],"replies":[{"embeddable":true,"href":"https:\/\/lavina.rs\/en\/wp-json\/wp\/v2\/comments?post=1788"}],"version-history":[{"count":33,"href":"https:\/\/lavina.rs\/en\/wp-json\/wp\/v2\/pages\/1788\/revisions"}],"predecessor-version":[{"id":2606,"href":"https:\/\/lavina.rs\/en\/wp-json\/wp\/v2\/pages\/1788\/revisions\/2606"}],"wp:featuredmedia":[{"embeddable":true,"href":"https:\/\/lavina.rs\/en\/wp-json\/wp\/v2\/media\/4727"}],"wp:attachment":[{"href":"https:\/\/lavina.rs\/en\/wp-json\/wp\/v2\/media?parent=1788"}],"curies":[{"name":"wp","href":"https:\/\/api.w.org\/{rel}","templated":true}]}}